{"id":2913,"date":"2022-05-27T21:54:44","date_gmt":"2022-05-27T21:54:44","guid":{"rendered":"https:\/\/fmc.framelova.info\/paises\/colombia\/"},"modified":"2023-01-10T15:55:44","modified_gmt":"2023-01-10T15:55:44","slug":"colombia","status":"publish","type":"page","link":"https:\/\/fmc.framelova.info\/pt-br\/paises\/colombia\/","title":{"rendered":"COL\u00d4MBIA"},"content":{"rendered":"\t\t<div data-elementor-type=\"wp-page\" data-elementor-id=\"2913\" class=\"elementor elementor-2913 elementor-344\" data-elementor-post-type=\"page\">\n\t\t\t\t\t\t<section data-particle_enable=\"false\" data-particle-mobile-disabled=\"false\" class=\"elementor-section elementor-top-section elementor-element elementor-element-43b0044 elementor-section-boxed elementor-section-height-default elementor-section-height-default\" data-id=\"43b0044\" data-element_type=\"section\" data-settings=\"{&quot;background_background&quot;:&quot;classic&quot;}\">\n\t\t\t\t\t\t<div class=\"elementor-container elementor-column-gap-default\">\n\t\t\t\t\t<div class=\"elementor-column elementor-col-100 elementor-top-column elementor-element elementor-element-460c655\" data-id=\"460c655\" data-element_type=\"column\">\n\t\t\t<div class=\"elementor-widget-wrap elementor-element-populated\">\n\t\t\t\t\t\t<div class=\"elementor-element elementor-element-3387c95 elementor-widget elementor-widget-spacer\" data-id=\"3387c95\" data-element_type=\"widget\" data-widget_type=\"spacer.default\">\n\t\t\t\t<div class=\"elementor-widget-container\">\n\t\t\t\t\t<div class=\"elementor-spacer\">\n\t\t\t<div class=\"elementor-spacer-inner\"><\/div>\n\t\t<\/div>\n\t\t\t\t<\/div>\n\t\t\t\t<\/div>\n\t\t\t\t<div class=\"elementor-element elementor-element-6cdac0d elementor-widget__width-initial elementor-widget elementor-widget-heading\" data-id=\"6cdac0d\" data-element_type=\"widget\" data-widget_type=\"heading.default\">\n\t\t\t\t<div class=\"elementor-widget-container\">\n\t\t\t<h2 class=\"elementor-heading-title elementor-size-default\">NOSSOS SERVI\u00c7OS NA COL\u00d4MBIA<\/h2>\t\t<\/div>\n\t\t\t\t<\/div>\n\t\t\t\t<div class=\"elementor-element elementor-element-7ae41e1 elementor-widget__width-initial elementor-widget elementor-widget-image\" data-id=\"7ae41e1\" data-element_type=\"widget\" data-widget_type=\"image.default\">\n\t\t\t\t<div class=\"elementor-widget-container\">\n\t\t\t\t\t\t\t\t\t\t\t\t\t<img fetchpriority=\"high\" decoding=\"async\" width=\"923\" height=\"612\" src=\"https:\/\/fmc.framelova.info\/wp-content\/uploads\/2022\/06\/colombia.png\" class=\"attachment-large size-large wp-image-1104\" alt=\"\" srcset=\"https:\/\/fmc.framelova.info\/wp-content\/uploads\/2022\/06\/colombia.png 923w, https:\/\/fmc.framelova.info\/wp-content\/uploads\/2022\/06\/colombia-300x199.png 300w, https:\/\/fmc.framelova.info\/wp-content\/uploads\/2022\/06\/colombia-768x509.png 768w\" sizes=\"(max-width: 923px) 100vw, 923px\" \/>\t\t\t\t\t\t\t\t\t\t\t\t\t<\/div>\n\t\t\t\t<\/div>\n\t\t\t\t<div class=\"elementor-element elementor-element-3d9988b elementor-widget elementor-widget-spacer\" data-id=\"3d9988b\" data-element_type=\"widget\" data-widget_type=\"spacer.default\">\n\t\t\t\t<div class=\"elementor-widget-container\">\n\t\t\t\t\t<div class=\"elementor-spacer\">\n\t\t\t<div class=\"elementor-spacer-inner\"><\/div>\n\t\t<\/div>\n\t\t\t\t<\/div>\n\t\t\t\t<\/div>\n\t\t\t\t<section data-particle_enable=\"false\" data-particle-mobile-disabled=\"false\" class=\"elementor-section elementor-inner-section elementor-element elementor-element-3d92a02 elementor-section-height-min-height circ-serv elementor-section-boxed elementor-section-height-default\" data-id=\"3d92a02\" data-element_type=\"section\" data-settings=\"{&quot;background_background&quot;:&quot;classic&quot;}\">\n\t\t\t\t\t\t<div class=\"elementor-container elementor-column-gap-default\">\n\t\t\t\t\t<div class=\"elementor-column elementor-col-50 elementor-inner-column elementor-element elementor-element-716dba4 gris\" data-id=\"716dba4\" data-element_type=\"column\">\n\t\t\t<div class=\"elementor-widget-wrap elementor-element-populated\">\n\t\t\t\t\t\t<div class=\"elementor-element elementor-element-2e782ac elementor-widget elementor-widget-heading\" data-id=\"2e782ac\" data-element_type=\"widget\" data-widget_type=\"heading.default\">\n\t\t\t\t<div class=\"elementor-widget-container\">\n\t\t\t<h2 class=\"elementor-heading-title elementor-size-default\"><a href=\"https:\/\/fmc.framelova.info\/pt-br\/paises\/colombia\/consultoria-colombia\/\">consultoria<\/a><\/h2>\t\t<\/div>\n\t\t\t\t<\/div>\n\t\t\t\t<div class=\"elementor-element elementor-element-9e6c1f8 elementor-widget elementor-widget-text-editor\" data-id=\"9e6c1f8\" data-element_type=\"widget\" data-widget_type=\"text-editor.default\">\n\t\t\t\t<div class=\"elementor-widget-container\">\n\t\t\t\t\t\t\t<p>Realizamos trabalhos de consultoria de neg\u00f3cio e de mercado sobre distribui\u00e7\u00e3o e comercializa\u00e7\u00e3o de produtos refinados a n\u00edvel internacional.<\/p>\t\t\t\t\t\t<\/div>\n\t\t\t\t<\/div>\n\t\t\t\t\t<\/div>\n\t\t<\/div>\n\t\t\t\t<div class=\"elementor-column elementor-col-50 elementor-inner-column elementor-element elementor-element-9077024 verde\" data-id=\"9077024\" data-element_type=\"column\">\n\t\t\t<div class=\"elementor-widget-wrap elementor-element-populated\">\n\t\t\t\t\t\t<div class=\"elementor-element elementor-element-fd500fe elementor-widget elementor-widget-heading\" data-id=\"fd500fe\" data-element_type=\"widget\" data-widget_type=\"heading.default\">\n\t\t\t\t<div class=\"elementor-widget-container\">\n\t\t\t<h2 class=\"elementor-heading-title elementor-size-default\"><a href=\"https:\/\/fmc.framelova.info\/pt-br\/paises\/colombia\/aplicativos-colombia\/\">APLICATIVOS<\/a><\/h2>\t\t<\/div>\n\t\t\t\t<\/div>\n\t\t\t\t<div class=\"elementor-element elementor-element-56fe027 elementor-widget elementor-widget-text-editor\" data-id=\"56fe027\" data-element_type=\"widget\" data-widget_type=\"text-editor.default\">\n\t\t\t\t<div class=\"elementor-widget-container\">\n\t\t\t\t\t\t\t<p>Temos solu\u00e7\u00f5es digitais para ajudar a comercializadores grossistas e retalhistas na otimiza\u00e7\u00e3o dos seus resultados operativos e estrat\u00e9gicos.<\/p>\t\t\t\t\t\t<\/div>\n\t\t\t\t<\/div>\n\t\t\t\t\t<\/div>\n\t\t<\/div>\n\t\t\t\t\t<\/div>\n\t\t<\/section>\n\t\t\t\t\t<\/div>\n\t\t<\/div>\n\t\t\t\t\t<\/div>\n\t\t<\/section>\n\t\t\t\t<\/div>\n\t\t","protected":false},"excerpt":{"rendered":"<p>NOSSOS SERVI\u00c7OS NA COL\u00d4MBIA consultoria Realizamos trabalhos de consultoria de neg\u00f3cio e de mercado sobre distribui\u00e7\u00e3o e comercializa\u00e7\u00e3o de produtos refinados a n\u00edvel internacional. APLICATIVOS Temos solu\u00e7\u00f5es digitais para ajudar a comercializadores grossistas e retalhistas na otimiza\u00e7\u00e3o dos seus resultados operativos e estrat\u00e9gicos.<\/p>\n","protected":false},"author":1,"featured_media":0,"parent":2893,"menu_order":0,"comment_status":"closed","ping_status":"closed","template":"","meta":{"footnotes":""},"class_list":["post-2913","page","type-page","status-publish","hentry"],"_links":{"self":[{"href":"https:\/\/fmc.framelova.info\/pt-br\/wp-json\/wp\/v2\/pages\/2913","targetHints":{"allow":["GET"]}}],"collection":[{"href":"https:\/\/fmc.framelova.info\/pt-br\/wp-json\/wp\/v2\/pages"}],"about":[{"href":"https:\/\/fmc.framelova.info\/pt-br\/wp-json\/wp\/v2\/types\/page"}],"author":[{"embeddable":true,"href":"https:\/\/fmc.framelova.info\/pt-br\/wp-json\/wp\/v2\/users\/1"}],"replies":[{"embeddable":true,"href":"https:\/\/fmc.framelova.info\/pt-br\/wp-json\/wp\/v2\/comments?post=2913"}],"version-history":[{"count":0,"href":"https:\/\/fmc.framelova.info\/pt-br\/wp-json\/wp\/v2\/pages\/2913\/revisions"}],"up":[{"embeddable":true,"href":"https:\/\/fmc.framelova.info\/pt-br\/wp-json\/wp\/v2\/pages\/2893"}],"wp:attachment":[{"href":"https:\/\/fmc.framelova.info\/pt-br\/wp-json\/wp\/v2\/media?parent=2913"}],"curies":[{"name":"wp","href":"https:\/\/api.w.org\/{rel}","templated":true}]}}