{"id":2907,"date":"2022-05-27T21:53:55","date_gmt":"2022-05-27T21:53:55","guid":{"rendered":"https:\/\/fmc.framelova.info\/paises\/mexico\/"},"modified":"2023-01-10T00:31:38","modified_gmt":"2023-01-10T00:31:38","slug":"mexico","status":"publish","type":"page","link":"https:\/\/fmc.framelova.info\/pt-br\/paises\/mexico\/","title":{"rendered":"M\u00e9xico"},"content":{"rendered":"\t\t<div data-elementor-type=\"wp-page\" data-elementor-id=\"2907\" class=\"elementor elementor-2907 elementor-340\" data-elementor-post-type=\"page\">\n\t\t\t\t\t\t<section data-particle_enable=\"false\" data-particle-mobile-disabled=\"false\" class=\"elementor-section elementor-top-section elementor-element elementor-element-4d402dc elementor-section-boxed elementor-section-height-default elementor-section-height-default\" data-id=\"4d402dc\" data-element_type=\"section\" data-settings=\"{&quot;background_background&quot;:&quot;classic&quot;}\">\n\t\t\t\t\t\t<div class=\"elementor-container elementor-column-gap-default\">\n\t\t\t\t\t<div class=\"elementor-column elementor-col-100 elementor-top-column elementor-element elementor-element-f377643\" data-id=\"f377643\" data-element_type=\"column\">\n\t\t\t<div class=\"elementor-widget-wrap elementor-element-populated\">\n\t\t\t\t\t\t<div class=\"elementor-element elementor-element-10a46ed elementor-widget elementor-widget-spacer\" data-id=\"10a46ed\" data-element_type=\"widget\" data-widget_type=\"spacer.default\">\n\t\t\t\t<div class=\"elementor-widget-container\">\n\t\t\t\t\t<div class=\"elementor-spacer\">\n\t\t\t<div class=\"elementor-spacer-inner\"><\/div>\n\t\t<\/div>\n\t\t\t\t<\/div>\n\t\t\t\t<\/div>\n\t\t\t\t<div class=\"elementor-element elementor-element-78a2898 elementor-widget__width-initial elementor-widget elementor-widget-heading\" data-id=\"78a2898\" data-element_type=\"widget\" data-widget_type=\"heading.default\">\n\t\t\t\t<div class=\"elementor-widget-container\">\n\t\t\t<h2 class=\"elementor-heading-title elementor-size-default\">NOSSOS SERVI\u00c7OS NO M\u00c9XICO<\/h2>\t\t<\/div>\n\t\t\t\t<\/div>\n\t\t\t\t<div class=\"elementor-element elementor-element-4df7970 elementor-widget__width-initial elementor-widget elementor-widget-image\" data-id=\"4df7970\" data-element_type=\"widget\" data-widget_type=\"image.default\">\n\t\t\t\t<div class=\"elementor-widget-container\">\n\t\t\t\t\t\t\t\t\t\t\t\t\t<img fetchpriority=\"high\" decoding=\"async\" width=\"1024\" height=\"585\" src=\"https:\/\/fmc.framelova.info\/wp-content\/uploads\/2022\/06\/mexico-1024x585.png\" class=\"attachment-large size-large wp-image-1109\" alt=\"\" srcset=\"https:\/\/fmc.framelova.info\/wp-content\/uploads\/2022\/06\/mexico-1024x585.png 1024w, https:\/\/fmc.framelova.info\/wp-content\/uploads\/2022\/06\/mexico-300x171.png 300w, https:\/\/fmc.framelova.info\/wp-content\/uploads\/2022\/06\/mexico-768x438.png 768w, https:\/\/fmc.framelova.info\/wp-content\/uploads\/2022\/06\/mexico.png 1144w\" sizes=\"(max-width: 1024px) 100vw, 1024px\" \/>\t\t\t\t\t\t\t\t\t\t\t\t\t<\/div>\n\t\t\t\t<\/div>\n\t\t\t\t<div class=\"elementor-element elementor-element-5828045 elementor-widget elementor-widget-spacer\" data-id=\"5828045\" data-element_type=\"widget\" data-widget_type=\"spacer.default\">\n\t\t\t\t<div class=\"elementor-widget-container\">\n\t\t\t\t\t<div class=\"elementor-spacer\">\n\t\t\t<div class=\"elementor-spacer-inner\"><\/div>\n\t\t<\/div>\n\t\t\t\t<\/div>\n\t\t\t\t<\/div>\n\t\t\t\t<section data-particle_enable=\"false\" data-particle-mobile-disabled=\"false\" class=\"elementor-section elementor-inner-section elementor-element elementor-element-50f3a9b elementor-section-height-min-height circ-serv elementor-section-boxed elementor-section-height-default\" data-id=\"50f3a9b\" data-element_type=\"section\" data-settings=\"{&quot;background_background&quot;:&quot;classic&quot;}\">\n\t\t\t\t\t\t<div class=\"elementor-container elementor-column-gap-default\">\n\t\t\t\t\t<div class=\"elementor-column elementor-col-50 elementor-inner-column elementor-element elementor-element-1b7ade6 gris\" data-id=\"1b7ade6\" data-element_type=\"column\">\n\t\t\t<div class=\"elementor-widget-wrap elementor-element-populated\">\n\t\t\t\t\t\t<div class=\"elementor-element elementor-element-216d66d elementor-widget elementor-widget-heading\" data-id=\"216d66d\" data-element_type=\"widget\" data-widget_type=\"heading.default\">\n\t\t\t\t<div class=\"elementor-widget-container\">\n\t\t\t<h2 class=\"elementor-heading-title elementor-size-default\"><a href=\"https:\/\/fmc.framelova.info\/pt-br\/paises\/mexico\/consultoria-mexico\/\">consultoria<\/a><\/h2>\t\t<\/div>\n\t\t\t\t<\/div>\n\t\t\t\t<div class=\"elementor-element elementor-element-de9ebbc elementor-widget elementor-widget-text-editor\" data-id=\"de9ebbc\" data-element_type=\"widget\" data-widget_type=\"text-editor.default\">\n\t\t\t\t<div class=\"elementor-widget-container\">\n\t\t\t\t\t\t\t<p>Realizamos trabalhos de consultoria de neg\u00f3cio e de mercado sobre distribui\u00e7\u00e3o e comercializa\u00e7\u00e3o de produtos refinados a n\u00edvel internacional.<\/p>\t\t\t\t\t\t<\/div>\n\t\t\t\t<\/div>\n\t\t\t\t\t<\/div>\n\t\t<\/div>\n\t\t\t\t<div class=\"elementor-column elementor-col-50 elementor-inner-column elementor-element elementor-element-20f6abb verde\" data-id=\"20f6abb\" data-element_type=\"column\">\n\t\t\t<div class=\"elementor-widget-wrap elementor-element-populated\">\n\t\t\t\t\t\t<div class=\"elementor-element elementor-element-0894bfe elementor-widget elementor-widget-heading\" data-id=\"0894bfe\" data-element_type=\"widget\" data-widget_type=\"heading.default\">\n\t\t\t\t<div class=\"elementor-widget-container\">\n\t\t\t<h2 class=\"elementor-heading-title elementor-size-default\"><a href=\"https:\/\/fmc.framelova.info\/pt-br\/paises\/mexico\/aplicativos-mexico\/\">APLICATIVOS<\/a><\/h2>\t\t<\/div>\n\t\t\t\t<\/div>\n\t\t\t\t<div class=\"elementor-element elementor-element-1925d66 elementor-widget elementor-widget-text-editor\" data-id=\"1925d66\" data-element_type=\"widget\" data-widget_type=\"text-editor.default\">\n\t\t\t\t<div class=\"elementor-widget-container\">\n\t\t\t\t\t\t\t<p>Temos solu\u00e7\u00f5es digitais para ajudar a comercializadores grossistas e retalhistas na otimiza\u00e7\u00e3o dos seus resultados operativos e estrat\u00e9gicos.<\/p>\t\t\t\t\t\t<\/div>\n\t\t\t\t<\/div>\n\t\t\t\t\t<\/div>\n\t\t<\/div>\n\t\t\t\t\t<\/div>\n\t\t<\/section>\n\t\t\t\t\t<\/div>\n\t\t<\/div>\n\t\t\t\t\t<\/div>\n\t\t<\/section>\n\t\t\t\t<\/div>\n\t\t","protected":false},"excerpt":{"rendered":"<p>NOSSOS SERVI\u00c7OS NO M\u00c9XICO consultoria Realizamos trabalhos de consultoria de neg\u00f3cio e de mercado sobre distribui\u00e7\u00e3o e comercializa\u00e7\u00e3o de produtos refinados a n\u00edvel internacional. APLICATIVOS Temos solu\u00e7\u00f5es digitais para ajudar a comercializadores grossistas e retalhistas na otimiza\u00e7\u00e3o dos seus resultados operativos e estrat\u00e9gicos.<\/p>\n","protected":false},"author":1,"featured_media":0,"parent":2893,"menu_order":0,"comment_status":"closed","ping_status":"closed","template":"","meta":{"footnotes":""},"class_list":["post-2907","page","type-page","status-publish","hentry"],"_links":{"self":[{"href":"https:\/\/fmc.framelova.info\/pt-br\/wp-json\/wp\/v2\/pages\/2907","targetHints":{"allow":["GET"]}}],"collection":[{"href":"https:\/\/fmc.framelova.info\/pt-br\/wp-json\/wp\/v2\/pages"}],"about":[{"href":"https:\/\/fmc.framelova.info\/pt-br\/wp-json\/wp\/v2\/types\/page"}],"author":[{"embeddable":true,"href":"https:\/\/fmc.framelova.info\/pt-br\/wp-json\/wp\/v2\/users\/1"}],"replies":[{"embeddable":true,"href":"https:\/\/fmc.framelova.info\/pt-br\/wp-json\/wp\/v2\/comments?post=2907"}],"version-history":[{"count":0,"href":"https:\/\/fmc.framelova.info\/pt-br\/wp-json\/wp\/v2\/pages\/2907\/revisions"}],"up":[{"embeddable":true,"href":"https:\/\/fmc.framelova.info\/pt-br\/wp-json\/wp\/v2\/pages\/2893"}],"wp:attachment":[{"href":"https:\/\/fmc.framelova.info\/pt-br\/wp-json\/wp\/v2\/media?parent=2907"}],"curies":[{"name":"wp","href":"https:\/\/api.w.org\/{rel}","templated":true}]}}