{"id":2895,"date":"2022-05-27T21:54:20","date_gmt":"2022-05-27T21:54:20","guid":{"rendered":"https:\/\/fmc.framelova.info\/paises\/brasil\/"},"modified":"2023-01-10T15:54:03","modified_gmt":"2023-01-10T15:54:03","slug":"brasil","status":"publish","type":"page","link":"https:\/\/fmc.framelova.info\/pt-br\/paises\/brasil\/","title":{"rendered":"Brasil"},"content":{"rendered":"\t\t<div data-elementor-type=\"wp-page\" data-elementor-id=\"2895\" class=\"elementor elementor-2895 elementor-342\" data-elementor-post-type=\"page\">\n\t\t\t\t\t\t<section data-particle_enable=\"false\" data-particle-mobile-disabled=\"false\" class=\"elementor-section elementor-top-section elementor-element elementor-element-0e6df37 elementor-section-boxed elementor-section-height-default elementor-section-height-default\" data-id=\"0e6df37\" data-element_type=\"section\" data-settings=\"{&quot;background_background&quot;:&quot;classic&quot;}\">\n\t\t\t\t\t\t<div class=\"elementor-container elementor-column-gap-default\">\n\t\t\t\t\t<div class=\"elementor-column elementor-col-100 elementor-top-column elementor-element elementor-element-303b0bf\" data-id=\"303b0bf\" data-element_type=\"column\">\n\t\t\t<div class=\"elementor-widget-wrap elementor-element-populated\">\n\t\t\t\t\t\t<div class=\"elementor-element elementor-element-e4f31ab elementor-widget elementor-widget-spacer\" data-id=\"e4f31ab\" data-element_type=\"widget\" data-widget_type=\"spacer.default\">\n\t\t\t\t<div class=\"elementor-widget-container\">\n\t\t\t\t\t<div class=\"elementor-spacer\">\n\t\t\t<div class=\"elementor-spacer-inner\"><\/div>\n\t\t<\/div>\n\t\t\t\t<\/div>\n\t\t\t\t<\/div>\n\t\t\t\t<div class=\"elementor-element elementor-element-7a66da8 elementor-widget__width-initial elementor-widget elementor-widget-heading\" data-id=\"7a66da8\" data-element_type=\"widget\" data-widget_type=\"heading.default\">\n\t\t\t\t<div class=\"elementor-widget-container\">\n\t\t\t<h2 class=\"elementor-heading-title elementor-size-default\">NOSSOS SERVI\u00c7OS NO BRASIL<\/h2>\t\t<\/div>\n\t\t\t\t<\/div>\n\t\t\t\t<div class=\"elementor-element elementor-element-0364633 elementor-widget__width-initial elementor-widget elementor-widget-image\" data-id=\"0364633\" data-element_type=\"widget\" data-widget_type=\"image.default\">\n\t\t\t\t<div class=\"elementor-widget-container\">\n\t\t\t\t\t\t\t\t\t\t\t\t\t<img fetchpriority=\"high\" decoding=\"async\" width=\"937\" height=\"651\" src=\"https:\/\/fmc.framelova.info\/wp-content\/uploads\/2022\/06\/brasil.png\" class=\"attachment-large size-large wp-image-1108\" alt=\"\" srcset=\"https:\/\/fmc.framelova.info\/wp-content\/uploads\/2022\/06\/brasil.png 937w, https:\/\/fmc.framelova.info\/wp-content\/uploads\/2022\/06\/brasil-300x208.png 300w, https:\/\/fmc.framelova.info\/wp-content\/uploads\/2022\/06\/brasil-768x534.png 768w\" sizes=\"(max-width: 937px) 100vw, 937px\" \/>\t\t\t\t\t\t\t\t\t\t\t\t\t<\/div>\n\t\t\t\t<\/div>\n\t\t\t\t<div class=\"elementor-element elementor-element-327bb03 elementor-widget elementor-widget-spacer\" data-id=\"327bb03\" data-element_type=\"widget\" data-widget_type=\"spacer.default\">\n\t\t\t\t<div class=\"elementor-widget-container\">\n\t\t\t\t\t<div class=\"elementor-spacer\">\n\t\t\t<div class=\"elementor-spacer-inner\"><\/div>\n\t\t<\/div>\n\t\t\t\t<\/div>\n\t\t\t\t<\/div>\n\t\t\t\t<section data-particle_enable=\"false\" data-particle-mobile-disabled=\"false\" class=\"elementor-section elementor-inner-section elementor-element elementor-element-4973240 elementor-section-height-min-height circ-serv elementor-section-boxed elementor-section-height-default\" data-id=\"4973240\" data-element_type=\"section\" data-settings=\"{&quot;background_background&quot;:&quot;classic&quot;}\">\n\t\t\t\t\t\t<div class=\"elementor-container elementor-column-gap-default\">\n\t\t\t\t\t<div class=\"elementor-column elementor-col-50 elementor-inner-column elementor-element elementor-element-98e1ab5 gris\" data-id=\"98e1ab5\" data-element_type=\"column\">\n\t\t\t<div class=\"elementor-widget-wrap elementor-element-populated\">\n\t\t\t\t\t\t<div class=\"elementor-element elementor-element-6497a16 elementor-widget elementor-widget-heading\" data-id=\"6497a16\" data-element_type=\"widget\" data-widget_type=\"heading.default\">\n\t\t\t\t<div class=\"elementor-widget-container\">\n\t\t\t<h2 class=\"elementor-heading-title elementor-size-default\"><a href=\"https:\/\/fmc.framelova.info\/pt-br\/paises\/brasil\/consultoria-brasil\/\">consultoria<\/a><\/h2>\t\t<\/div>\n\t\t\t\t<\/div>\n\t\t\t\t<div class=\"elementor-element elementor-element-50514d5 elementor-widget elementor-widget-text-editor\" data-id=\"50514d5\" data-element_type=\"widget\" data-widget_type=\"text-editor.default\">\n\t\t\t\t<div class=\"elementor-widget-container\">\n\t\t\t\t\t\t\t<p>Realizamos trabalhos de consultoria de neg\u00f3cio e de mercado sobre distribui\u00e7\u00e3o e comercializa\u00e7\u00e3o de produtos refinados a n\u00edvel internacional.<\/p>\t\t\t\t\t\t<\/div>\n\t\t\t\t<\/div>\n\t\t\t\t\t<\/div>\n\t\t<\/div>\n\t\t\t\t<div class=\"elementor-column elementor-col-50 elementor-inner-column elementor-element elementor-element-af05f13 verde\" data-id=\"af05f13\" data-element_type=\"column\">\n\t\t\t<div class=\"elementor-widget-wrap elementor-element-populated\">\n\t\t\t\t\t\t<div class=\"elementor-element elementor-element-cc89386 elementor-widget elementor-widget-heading\" data-id=\"cc89386\" data-element_type=\"widget\" data-widget_type=\"heading.default\">\n\t\t\t\t<div class=\"elementor-widget-container\">\n\t\t\t<h2 class=\"elementor-heading-title elementor-size-default\"><a href=\"https:\/\/fmc.framelova.info\/pt-br\/paises\/brasil\/aplicativos-brasil\/\">APLICATIVOS<\/a><\/h2>\t\t<\/div>\n\t\t\t\t<\/div>\n\t\t\t\t<div class=\"elementor-element elementor-element-66854a0 elementor-widget elementor-widget-text-editor\" data-id=\"66854a0\" data-element_type=\"widget\" data-widget_type=\"text-editor.default\">\n\t\t\t\t<div class=\"elementor-widget-container\">\n\t\t\t\t\t\t\t<p>Temos solu\u00e7\u00f5es digitais para ajudar a comercializadores grossistas e retalhistas na otimiza\u00e7\u00e3o dos seus resultados operativos e estrat\u00e9gicos.<\/p>\t\t\t\t\t\t<\/div>\n\t\t\t\t<\/div>\n\t\t\t\t\t<\/div>\n\t\t<\/div>\n\t\t\t\t\t<\/div>\n\t\t<\/section>\n\t\t\t\t\t<\/div>\n\t\t<\/div>\n\t\t\t\t\t<\/div>\n\t\t<\/section>\n\t\t\t\t<\/div>\n\t\t","protected":false},"excerpt":{"rendered":"<p>NOSSOS SERVI\u00c7OS NO BRASIL consultoria Realizamos trabalhos de consultoria de neg\u00f3cio e de mercado sobre distribui\u00e7\u00e3o e comercializa\u00e7\u00e3o de produtos refinados a n\u00edvel internacional. APLICATIVOS Temos solu\u00e7\u00f5es digitais para ajudar a comercializadores grossistas e retalhistas na otimiza\u00e7\u00e3o dos seus resultados operativos e estrat\u00e9gicos.<\/p>\n","protected":false},"author":1,"featured_media":0,"parent":2893,"menu_order":0,"comment_status":"closed","ping_status":"closed","template":"","meta":{"footnotes":""},"class_list":["post-2895","page","type-page","status-publish","hentry"],"_links":{"self":[{"href":"https:\/\/fmc.framelova.info\/pt-br\/wp-json\/wp\/v2\/pages\/2895","targetHints":{"allow":["GET"]}}],"collection":[{"href":"https:\/\/fmc.framelova.info\/pt-br\/wp-json\/wp\/v2\/pages"}],"about":[{"href":"https:\/\/fmc.framelova.info\/pt-br\/wp-json\/wp\/v2\/types\/page"}],"author":[{"embeddable":true,"href":"https:\/\/fmc.framelova.info\/pt-br\/wp-json\/wp\/v2\/users\/1"}],"replies":[{"embeddable":true,"href":"https:\/\/fmc.framelova.info\/pt-br\/wp-json\/wp\/v2\/comments?post=2895"}],"version-history":[{"count":0,"href":"https:\/\/fmc.framelova.info\/pt-br\/wp-json\/wp\/v2\/pages\/2895\/revisions"}],"up":[{"embeddable":true,"href":"https:\/\/fmc.framelova.info\/pt-br\/wp-json\/wp\/v2\/pages\/2893"}],"wp:attachment":[{"href":"https:\/\/fmc.framelova.info\/pt-br\/wp-json\/wp\/v2\/media?parent=2895"}],"curies":[{"name":"wp","href":"https:\/\/api.w.org\/{rel}","templated":true}]}}