{"id":2768,"date":"2022-05-19T19:21:03","date_gmt":"2022-05-19T19:21:03","guid":{"rendered":"https:\/\/fmc.framelova.info\/conheca-nos\/"},"modified":"2023-01-10T16:51:57","modified_gmt":"2023-01-10T16:51:57","slug":"conheca-nos","status":"publish","type":"page","link":"https:\/\/fmc.framelova.info\/pt-br\/conheca-nos\/","title":{"rendered":"CONHE\u00c7A-NOS"},"content":{"rendered":"\t\t<div data-elementor-type=\"wp-page\" data-elementor-id=\"2768\" class=\"elementor elementor-2768 elementor-29\" data-elementor-post-type=\"page\">\n\t\t\t\t\t\t<section data-particle_enable=\"false\" data-particle-mobile-disabled=\"false\" class=\"elementor-section elementor-top-section elementor-element elementor-element-702030b elementor-section-height-min-height elementor-section-boxed elementor-section-height-default elementor-section-items-middle\" data-id=\"702030b\" data-element_type=\"section\">\n\t\t\t\t\t\t<div class=\"elementor-container elementor-column-gap-default\">\n\t\t\t\t\t<div class=\"elementor-column elementor-col-100 elementor-top-column elementor-element elementor-element-6653436\" data-id=\"6653436\" data-element_type=\"column\">\n\t\t\t<div class=\"elementor-widget-wrap\">\n\t\t\t\t\t\t\t<\/div>\n\t\t<\/div>\n\t\t\t\t\t<\/div>\n\t\t<\/section>\n\t\t\t\t<section data-particle_enable=\"false\" data-particle-mobile-disabled=\"false\" class=\"elementor-section elementor-top-section elementor-element elementor-element-5e2728b elementor-section-height-min-height elementor-section-boxed elementor-section-height-default elementor-section-items-middle\" data-id=\"5e2728b\" data-element_type=\"section\">\n\t\t\t\t\t\t<div class=\"elementor-container elementor-column-gap-default\">\n\t\t\t\t\t<div class=\"elementor-column elementor-col-50 elementor-top-column elementor-element elementor-element-4ea2768\" data-id=\"4ea2768\" data-element_type=\"column\">\n\t\t\t<div class=\"elementor-widget-wrap elementor-element-populated\">\n\t\t\t\t\t\t<div class=\"elementor-element elementor-element-5c1aab9 elementor-widget elementor-widget-image\" data-id=\"5c1aab9\" data-element_type=\"widget\" data-widget_type=\"image.default\">\n\t\t\t\t<div class=\"elementor-widget-container\">\n\t\t\t\t\t\t\t\t\t\t\t\t\t<img fetchpriority=\"high\" decoding=\"async\" width=\"772\" height=\"532\" src=\"https:\/\/fmc.framelova.info\/wp-content\/uploads\/2022\/06\/1_Conocenos_Web_FuelMarketingConsulting-05-1.png\" class=\"attachment-large size-large wp-image-2396\" alt=\"\" srcset=\"https:\/\/fmc.framelova.info\/wp-content\/uploads\/2022\/06\/1_Conocenos_Web_FuelMarketingConsulting-05-1.png 772w, https:\/\/fmc.framelova.info\/wp-content\/uploads\/2022\/06\/1_Conocenos_Web_FuelMarketingConsulting-05-1-300x207.png 300w, https:\/\/fmc.framelova.info\/wp-content\/uploads\/2022\/06\/1_Conocenos_Web_FuelMarketingConsulting-05-1-768x529.png 768w, https:\/\/fmc.framelova.info\/wp-content\/uploads\/2022\/06\/1_Conocenos_Web_FuelMarketingConsulting-05-1-320x220.png 320w\" sizes=\"(max-width: 772px) 100vw, 772px\" \/>\t\t\t\t\t\t\t\t\t\t\t\t\t<\/div>\n\t\t\t\t<\/div>\n\t\t\t\t<div class=\"elementor-element elementor-element-9c123af tit-nos titt_pr elementor-widget elementor-widget-heading\" data-id=\"9c123af\" data-element_type=\"widget\" data-widget_type=\"heading.default\">\n\t\t\t\t<div class=\"elementor-widget-container\">\n\t\t\t<h1 class=\"elementor-heading-title elementor-size-default\">EQUIPE ESPECIALISTA<br>\nNO SETOR<br>\nPETROL\u00cdFERO<\/h1>\t\t<\/div>\n\t\t\t\t<\/div>\n\t\t\t\t\t<\/div>\n\t\t<\/div>\n\t\t\t\t<div class=\"elementor-column elementor-col-50 elementor-top-column elementor-element elementor-element-7c4fc4d\" data-id=\"7c4fc4d\" data-element_type=\"column\">\n\t\t\t<div class=\"elementor-widget-wrap elementor-element-populated\">\n\t\t\t\t\t\t<div class=\"elementor-element elementor-element-c98dd32 elementor-widget elementor-widget-text-editor\" data-id=\"c98dd32\" data-element_type=\"widget\" data-widget_type=\"text-editor.default\">\n\t\t\t\t<div class=\"elementor-widget-container\">\n\t\t\t\t\t\t\t<p>A nossa equipe est\u00e1 liderada por profissionais com uma dilatada experi\u00eancia no setor petrol\u00edfero e com um grande conhecimento do mercado dos postos de abastecimento, centros de distribui\u00e7\u00e3o e operadores de produtos petrol\u00edferos e biocombust\u00edveis. Todos os profissionais de <strong>FuelMC <\/strong>esfor\u00e7amo-nos cada dia para oferecer aos nossos clientes o melhor atendimento poss\u00edvel.<\/p>\t\t\t\t\t\t<\/div>\n\t\t\t\t<\/div>\n\t\t\t\t\t<\/div>\n\t\t<\/div>\n\t\t\t\t\t<\/div>\n\t\t<\/section>\n\t\t\t\t<section data-particle_enable=\"false\" data-particle-mobile-disabled=\"false\" class=\"elementor-section elementor-top-section elementor-element elementor-element-9a9ce77 elementor-section-full_width elementor-section-height-min-height elementor-section-content-middle elementor-section-stretched elementor-section-height-default elementor-section-items-middle\" data-id=\"9a9ce77\" data-element_type=\"section\" data-settings=\"{&quot;stretch_section&quot;:&quot;section-stretched&quot;,&quot;background_background&quot;:&quot;classic&quot;}\">\n\t\t\t\t\t\t<div class=\"elementor-container elementor-column-gap-default\">\n\t\t\t\t\t<div class=\"elementor-column elementor-col-100 elementor-top-column elementor-element elementor-element-ed04243\" data-id=\"ed04243\" data-element_type=\"column\">\n\t\t\t<div class=\"elementor-widget-wrap elementor-element-populated\">\n\t\t\t\t\t\t<div class=\"elementor-element elementor-element-d476757 elementor-widget elementor-widget-heading\" data-id=\"d476757\" data-element_type=\"widget\" data-widget_type=\"heading.default\">\n\t\t\t\t<div class=\"elementor-widget-container\">\n\t\t\t<h2 class=\"elementor-heading-title elementor-size-default\">ACERCA DE N\u00d3S<\/h2>\t\t<\/div>\n\t\t\t\t<\/div>\n\t\t\t\t<section data-particle_enable=\"false\" data-particle-mobile-disabled=\"false\" class=\"elementor-section elementor-inner-section elementor-element elementor-element-ec3c9a4 elementor-section-boxed elementor-section-height-default elementor-section-height-default\" data-id=\"ec3c9a4\" data-element_type=\"section\">\n\t\t\t\t\t\t<div class=\"elementor-container elementor-column-gap-default\">\n\t\t\t\t\t<div class=\"elementor-column elementor-col-50 elementor-inner-column elementor-element elementor-element-913b5b9\" data-id=\"913b5b9\" data-element_type=\"column\">\n\t\t\t<div class=\"elementor-widget-wrap elementor-element-populated\">\n\t\t\t\t\t\t<div class=\"elementor-element elementor-element-9619325 elementor-widget elementor-widget-image\" data-id=\"9619325\" data-element_type=\"widget\" data-widget_type=\"image.default\">\n\t\t\t\t<div class=\"elementor-widget-container\">\n\t\t\t\t\t\t\t\t\t\t\t\t\t<img decoding=\"async\" width=\"686\" height=\"687\" src=\"https:\/\/fmc.framelova.info\/wp-content\/uploads\/2022\/05\/conocenos-07.png\" class=\"attachment-large size-large wp-image-213\" alt=\"\" srcset=\"https:\/\/fmc.framelova.info\/wp-content\/uploads\/2022\/05\/conocenos-07.png 686w, https:\/\/fmc.framelova.info\/wp-content\/uploads\/2022\/05\/conocenos-07-300x300.png 300w, https:\/\/fmc.framelova.info\/wp-content\/uploads\/2022\/05\/conocenos-07-150x150.png 150w\" sizes=\"(max-width: 686px) 100vw, 686px\" \/>\t\t\t\t\t\t\t\t\t\t\t\t\t<\/div>\n\t\t\t\t<\/div>\n\t\t\t\t<div class=\"elementor-element elementor-element-5eb17af tit-sol elementor-widget elementor-widget-heading\" data-id=\"5eb17af\" data-element_type=\"widget\" data-widget_type=\"heading.default\">\n\t\t\t\t<div class=\"elementor-widget-container\">\n\t\t\t<h1 class=\"elementor-heading-title elementor-size-default\">AS MELHORES <br> SOLUCIONES<\/h1>\t\t<\/div>\n\t\t\t\t<\/div>\n\t\t\t\t\t<\/div>\n\t\t<\/div>\n\t\t\t\t<div class=\"elementor-column elementor-col-50 elementor-inner-column elementor-element elementor-element-0da4d4e\" data-id=\"0da4d4e\" data-element_type=\"column\">\n\t\t\t<div class=\"elementor-widget-wrap elementor-element-populated\">\n\t\t\t\t\t\t<div class=\"elementor-element elementor-element-b632056 elementor-widget elementor-widget-text-editor\" data-id=\"b632056\" data-element_type=\"widget\" data-widget_type=\"text-editor.default\">\n\t\t\t\t<div class=\"elementor-widget-container\">\n\t\t\t\t\t\t\t<p>Somos uma empresa consultora especializada no setor petrol\u00edfero. Temos experi\u00eancia internacional e desenvolvemos ferramentas tecnol\u00f3gicas desenhadas em exclusiva para os mercados em que operamos. Ajudamos os nossos clientes a tomar as melhores decis\u00f5es para a sua empresa mediante a digitaliza\u00e7\u00e3o dos seus processos.<\/p>\n<p>Atrav\u00e9s de <strong>Fuel MARKET SOLUTIONS<\/strong> oferecemos solu\u00e7\u00f5es inovadoras para grossistas, retalhistas e operadores de postos de abastecimento.<\/p>\n<p>Usamos a tecnologia e as solu\u00e7\u00f5es de BI para oferecer-lhe predi\u00e7\u00f5es de pre\u00e7os e an\u00e1lises do setor. Assessoramo-lo para maximizar os lucros da sua empresa.<\/p>\n<p>Fomentamos as sinergias com empresas l\u00edderes a n\u00edvel internacional e assinamos acordos com associa\u00e7\u00f5es empresariais para proporcionar um servi\u00e7o \u00f3timo e adequado \u00e0s suas necessidades. Pensamos universalmente porque queremos oferecer-lhe as melhores solu\u00e7\u00f5es locais.<\/p>\t\t\t\t\t\t<\/div>\n\t\t\t\t<\/div>\n\t\t\t\t\t<\/div>\n\t\t<\/div>\n\t\t\t\t\t<\/div>\n\t\t<\/section>\n\t\t\t\t\t<\/div>\n\t\t<\/div>\n\t\t\t\t\t<\/div>\n\t\t<\/section>\n\t\t\t\t<section data-particle_enable=\"false\" data-particle-mobile-disabled=\"false\" class=\"elementor-section elementor-top-section elementor-element elementor-element-19a053b elementor-section-boxed elementor-section-height-default elementor-section-height-default\" data-id=\"19a053b\" data-element_type=\"section\">\n\t\t\t\t\t\t<div class=\"elementor-container elementor-column-gap-default\">\n\t\t\t\t\t<div class=\"elementor-column elementor-col-100 elementor-top-column elementor-element elementor-element-4b25596\" data-id=\"4b25596\" data-element_type=\"column\">\n\t\t\t<div class=\"elementor-widget-wrap elementor-element-populated\">\n\t\t\t\t\t\t<div class=\"elementor-element elementor-element-8e4e172 elementor-widget elementor-widget-heading\" data-id=\"8e4e172\" data-element_type=\"widget\" data-widget_type=\"heading.default\">\n\t\t\t\t<div class=\"elementor-widget-container\">\n\t\t\t<h2 class=\"elementor-heading-title elementor-size-default\">S\u00d3CIOS DIRETORES<\/h2>\t\t<\/div>\n\t\t\t\t<\/div>\n\t\t\t\t\t<\/div>\n\t\t<\/div>\n\t\t\t\t\t<\/div>\n\t\t<\/section>\n\t\t\t\t<section data-particle_enable=\"false\" data-particle-mobile-disabled=\"false\" class=\"elementor-section elementor-top-section elementor-element elementor-element-fcbbf9e elementor-section-height-min-height elementor-section-boxed elementor-section-height-default elementor-section-items-middle\" data-id=\"fcbbf9e\" data-element_type=\"section\">\n\t\t\t\t\t\t<div class=\"elementor-container elementor-column-gap-default\">\n\t\t\t\t\t<div class=\"elementor-column elementor-col-50 elementor-top-column elementor-element elementor-element-4f88f87\" data-id=\"4f88f87\" data-element_type=\"column\">\n\t\t\t<div class=\"elementor-widget-wrap elementor-element-populated\">\n\t\t\t\t\t\t<section data-particle_enable=\"false\" data-particle-mobile-disabled=\"false\" class=\"elementor-section elementor-inner-section elementor-element elementor-element-0470701 elementor-section-boxed elementor-section-height-default elementor-section-height-default\" data-id=\"0470701\" data-element_type=\"section\">\n\t\t\t\t\t\t<div class=\"elementor-container elementor-column-gap-default\">\n\t\t\t\t\t<div class=\"elementor-column elementor-col-50 elementor-inner-column elementor-element elementor-element-7c8d553\" data-id=\"7c8d553\" data-element_type=\"column\">\n\t\t\t<div class=\"elementor-widget-wrap elementor-element-populated\">\n\t\t\t\t\t\t<div class=\"elementor-element elementor-element-e292861 elementor-widget elementor-widget-image\" data-id=\"e292861\" data-element_type=\"widget\" data-widget_type=\"image.default\">\n\t\t\t\t<div class=\"elementor-widget-container\">\n\t\t\t\t\t\t\t\t\t\t\t\t\t<img decoding=\"async\" width=\"391\" height=\"515\" src=\"https:\/\/fmc.framelova.info\/wp-content\/uploads\/2022\/06\/1_Conocenos_Web_FuelMarketingConsulting-03.png\" class=\"attachment-large size-large wp-image-2379\" alt=\"\" srcset=\"https:\/\/fmc.framelova.info\/wp-content\/uploads\/2022\/06\/1_Conocenos_Web_FuelMarketingConsulting-03.png 391w, https:\/\/fmc.framelova.info\/wp-content\/uploads\/2022\/06\/1_Conocenos_Web_FuelMarketingConsulting-03-228x300.png 228w\" sizes=\"(max-width: 391px) 100vw, 391px\" \/>\t\t\t\t\t\t\t\t\t\t\t\t\t<\/div>\n\t\t\t\t<\/div>\n\t\t\t\t\t<\/div>\n\t\t<\/div>\n\t\t\t\t<div class=\"elementor-column elementor-col-50 elementor-inner-column elementor-element elementor-element-a1248bb\" data-id=\"a1248bb\" data-element_type=\"column\">\n\t\t\t<div class=\"elementor-widget-wrap elementor-element-populated\">\n\t\t\t\t\t\t<div class=\"elementor-element elementor-element-bd785fe elementor-widget elementor-widget-text-editor\" data-id=\"bd785fe\" data-element_type=\"widget\" data-widget_type=\"text-editor.default\">\n\t\t\t\t<div class=\"elementor-widget-container\">\n\t\t\t\t\t\t\t<p><strong>CEO Fuel MARKETING CONSULTING<\/strong><br><strong>LATAM <\/strong><\/p>\n<p>Pedagogo pela Universidad de Granada e formado em Gest\u00e3o e Administra\u00e7\u00e3o de Empresas (ADE) pelo Council Social Science da UNESCO. Com 31 anos de experi\u00eancia no setor, desempenhou a sua carreira durante oito anos em companhias petroleiras para passar depois a<br>dirigir empresas nas \u00e1reas da consultoria, da forma\u00e7\u00e3o e da distribui\u00e7\u00e3o no setor petrol\u00edfero.<\/p>\t\t\t\t\t\t<\/div>\n\t\t\t\t<\/div>\n\t\t\t\t\t<\/div>\n\t\t<\/div>\n\t\t\t\t\t<\/div>\n\t\t<\/section>\n\t\t\t\t\t<\/div>\n\t\t<\/div>\n\t\t\t\t<div class=\"elementor-column elementor-col-50 elementor-top-column elementor-element elementor-element-d09b94c\" data-id=\"d09b94c\" data-element_type=\"column\">\n\t\t\t<div class=\"elementor-widget-wrap elementor-element-populated\">\n\t\t\t\t\t\t<section data-particle_enable=\"false\" data-particle-mobile-disabled=\"false\" class=\"elementor-section elementor-inner-section elementor-element elementor-element-e6bce7f elementor-section-boxed elementor-section-height-default elementor-section-height-default\" data-id=\"e6bce7f\" data-element_type=\"section\">\n\t\t\t\t\t\t<div class=\"elementor-container elementor-column-gap-default\">\n\t\t\t\t\t<div class=\"elementor-column elementor-col-50 elementor-inner-column elementor-element elementor-element-694e5c6\" data-id=\"694e5c6\" data-element_type=\"column\">\n\t\t\t<div class=\"elementor-widget-wrap elementor-element-populated\">\n\t\t\t\t\t\t<div class=\"elementor-element elementor-element-1a05a10 elementor-widget elementor-widget-image\" data-id=\"1a05a10\" data-element_type=\"widget\" data-widget_type=\"image.default\">\n\t\t\t\t<div class=\"elementor-widget-container\">\n\t\t\t\t\t\t\t\t\t\t\t\t\t<img decoding=\"async\" src=\"https:\/\/fmc.framelova.info\/wp-content\/uploads\/2022\/06\/1_Conocenos_Web_FuelMarketingConsulting-04.png\" title=\"1_Conocenos_Web_FuelMarketingConsulting-04\" alt=\"\" loading=\"lazy\" \/>\t\t\t\t\t\t\t\t\t\t\t\t\t<\/div>\n\t\t\t\t<\/div>\n\t\t\t\t\t<\/div>\n\t\t<\/div>\n\t\t\t\t<div class=\"elementor-column elementor-col-50 elementor-inner-column elementor-element elementor-element-0a921f0\" data-id=\"0a921f0\" data-element_type=\"column\">\n\t\t\t<div class=\"elementor-widget-wrap elementor-element-populated\">\n\t\t\t\t\t\t<div class=\"elementor-element elementor-element-f21b822 elementor-widget elementor-widget-text-editor\" data-id=\"f21b822\" data-element_type=\"widget\" data-widget_type=\"text-editor.default\">\n\t\t\t\t<div class=\"elementor-widget-container\">\n\t\t\t\t\t\t\t<p><strong>CEO Fuel MARKETING CONSULTING<\/strong><br><strong>IB\u00c9RIA <\/strong><\/p>\n<p>Economista pela Universidad Aut\u00f3noma de Madrid, MBA pelo Instituto de Empresa e Auditor Licenciado. Desenvolveu a sua carreira profissional de mais de 20 anos na British Petroleum Company (BP), desempenhando trabalhos de gest\u00e3o nas \u00e1reas de retalho e comercializa\u00e7\u00e3o a &nbsp;distribuidores em Espanha, bem como na comercializa\u00e7\u00e3o de biocombust\u00edveis.<\/p>\t\t\t\t\t\t<\/div>\n\t\t\t\t<\/div>\n\t\t\t\t\t<\/div>\n\t\t<\/div>\n\t\t\t\t\t<\/div>\n\t\t<\/section>\n\t\t\t\t\t<\/div>\n\t\t<\/div>\n\t\t\t\t\t<\/div>\n\t\t<\/section>\n\t\t\t\t<section data-particle_enable=\"false\" data-particle-mobile-disabled=\"false\" class=\"elementor-section elementor-top-section elementor-element elementor-element-1b8d9a0 elementor-section-full_width elementor-section-height-min-height elementor-section-stretched elementor-section-height-default elementor-section-items-middle\" data-id=\"1b8d9a0\" data-element_type=\"section\" data-settings=\"{&quot;stretch_section&quot;:&quot;section-stretched&quot;,&quot;background_background&quot;:&quot;classic&quot;}\">\n\t\t\t\t\t\t<div class=\"elementor-container elementor-column-gap-default\">\n\t\t\t\t\t<div class=\"elementor-column elementor-col-100 elementor-top-column elementor-element elementor-element-d82fb9a\" data-id=\"d82fb9a\" data-element_type=\"column\">\n\t\t\t<div class=\"elementor-widget-wrap elementor-element-populated\">\n\t\t\t\t\t\t<div class=\"elementor-element elementor-element-61ad2e7 elementor-widget elementor-widget-heading\" data-id=\"61ad2e7\" data-element_type=\"widget\" data-widget_type=\"heading.default\">\n\t\t\t\t<div class=\"elementor-widget-container\">\n\t\t\t<h2 class=\"elementor-heading-title elementor-size-default\">A NOSSA HIST\u00d3RIA<\/h2>\t\t<\/div>\n\t\t\t\t<\/div>\n\t\t\t\t<div class=\"elementor-element elementor-element-99463c1 elementor-hidden-tablet elementor-hidden-mobile elementor-widget elementor-widget-shortcode\" data-id=\"99463c1\" data-element_type=\"widget\" data-widget_type=\"shortcode.default\">\n\t\t\t\t<div class=\"elementor-widget-container\">\n\t\t\t\t\t<div class=\"elementor-shortcode\"><div id=\"image-map-pro-1341\"><\/div><\/div>\n\t\t\t\t<\/div>\n\t\t\t\t<\/div>\n\t\t\t\t<div class=\"elementor-element elementor-element-91e1612 elementor-hidden-desktop elementor-widget elementor-widget-shortcode\" data-id=\"91e1612\" data-element_type=\"widget\" data-widget_type=\"shortcode.default\">\n\t\t\t\t<div class=\"elementor-widget-container\">\n\t\t\t\t\t<div class=\"elementor-shortcode\"><div id=\"image-map-pro-2052\"><\/div><\/div>\n\t\t\t\t<\/div>\n\t\t\t\t<\/div>\n\t\t\t\t\t<\/div>\n\t\t<\/div>\n\t\t\t\t\t<\/div>\n\t\t<\/section>\n\t\t\t\t<\/div>\n\t\t","protected":false},"excerpt":{"rendered":"<p>EQUIPE ESPECIALISTA NO SETOR PETROL\u00cdFERO A nossa equipe est\u00e1 liderada por profissionais com uma dilatada experi\u00eancia no setor petrol\u00edfero e com um grande conhecimento do mercado dos postos de abastecimento, centros de distribui\u00e7\u00e3o e operadores de produtos petrol\u00edferos e biocombust\u00edveis. Todos os profissionais de FuelMC esfor\u00e7amo-nos cada dia para oferecer aos nossos clientes o melhor [&hellip;]<\/p>\n","protected":false},"author":1,"featured_media":0,"parent":0,"menu_order":0,"comment_status":"closed","ping_status":"closed","template":"","meta":{"footnotes":""},"class_list":["post-2768","page","type-page","status-publish","hentry"],"_links":{"self":[{"href":"https:\/\/fmc.framelova.info\/pt-br\/wp-json\/wp\/v2\/pages\/2768","targetHints":{"allow":["GET"]}}],"collection":[{"href":"https:\/\/fmc.framelova.info\/pt-br\/wp-json\/wp\/v2\/pages"}],"about":[{"href":"https:\/\/fmc.framelova.info\/pt-br\/wp-json\/wp\/v2\/types\/page"}],"author":[{"embeddable":true,"href":"https:\/\/fmc.framelova.info\/pt-br\/wp-json\/wp\/v2\/users\/1"}],"replies":[{"embeddable":true,"href":"https:\/\/fmc.framelova.info\/pt-br\/wp-json\/wp\/v2\/comments?post=2768"}],"version-history":[{"count":0,"href":"https:\/\/fmc.framelova.info\/pt-br\/wp-json\/wp\/v2\/pages\/2768\/revisions"}],"wp:attachment":[{"href":"https:\/\/fmc.framelova.info\/pt-br\/wp-json\/wp\/v2\/media?parent=2768"}],"curies":[{"name":"wp","href":"https:\/\/api.w.org\/{rel}","templated":true}]}}