{"id":2811,"date":"2022-05-27T21:53:18","date_gmt":"2022-05-27T21:53:18","guid":{"rendered":"https:\/\/fmc.framelova.info\/espagne\/"},"modified":"2023-01-10T15:47:28","modified_gmt":"2023-01-10T15:47:28","slug":"espagne","status":"publish","type":"page","link":"https:\/\/fmc.framelova.info\/fr\/les-pays\/espagne\/","title":{"rendered":"Espagne"},"content":{"rendered":"\t\t<div data-elementor-type=\"wp-page\" data-elementor-id=\"2811\" class=\"elementor elementor-2811 elementor-338\" data-elementor-post-type=\"page\">\n\t\t\t\t\t\t<section data-particle_enable=\"false\" data-particle-mobile-disabled=\"false\" class=\"elementor-section elementor-top-section elementor-element elementor-element-e3d0000 elementor-section-boxed elementor-section-height-default elementor-section-height-default\" data-id=\"e3d0000\" data-element_type=\"section\" data-settings=\"{&quot;background_background&quot;:&quot;classic&quot;}\">\n\t\t\t\t\t\t<div class=\"elementor-container elementor-column-gap-default\">\n\t\t\t\t\t<div class=\"elementor-column elementor-col-100 elementor-top-column elementor-element elementor-element-e8603b0\" data-id=\"e8603b0\" data-element_type=\"column\">\n\t\t\t<div class=\"elementor-widget-wrap elementor-element-populated\">\n\t\t\t\t\t\t<div class=\"elementor-element elementor-element-c1be000 elementor-widget elementor-widget-spacer\" data-id=\"c1be000\" data-element_type=\"widget\" data-widget_type=\"spacer.default\">\n\t\t\t\t<div class=\"elementor-widget-container\">\n\t\t\t\t\t<div class=\"elementor-spacer\">\n\t\t\t<div class=\"elementor-spacer-inner\"><\/div>\n\t\t<\/div>\n\t\t\t\t<\/div>\n\t\t\t\t<\/div>\n\t\t\t\t<div class=\"elementor-element elementor-element-53c25eb elementor-widget__width-initial elementor-widget elementor-widget-heading\" data-id=\"53c25eb\" data-element_type=\"widget\" data-widget_type=\"heading.default\">\n\t\t\t\t<div class=\"elementor-widget-container\">\n\t\t\t<h2 class=\"elementor-heading-title elementor-size-default\">NOS SERVICES EN ESPAGNE<\/h2>\t\t<\/div>\n\t\t\t\t<\/div>\n\t\t\t\t<div class=\"elementor-element elementor-element-a71e4d6 elementor-widget__width-initial elementor-widget elementor-widget-image\" data-id=\"a71e4d6\" data-element_type=\"widget\" data-widget_type=\"image.default\">\n\t\t\t\t<div class=\"elementor-widget-container\">\n\t\t\t\t\t\t\t\t\t\t\t\t\t<img fetchpriority=\"high\" decoding=\"async\" width=\"980\" height=\"650\" src=\"https:\/\/fmc.framelova.info\/wp-content\/uploads\/2022\/06\/espana.png\" class=\"attachment-full size-full wp-image-1100\" alt=\"\" srcset=\"https:\/\/fmc.framelova.info\/wp-content\/uploads\/2022\/06\/espana.png 980w, https:\/\/fmc.framelova.info\/wp-content\/uploads\/2022\/06\/espana-300x199.png 300w, https:\/\/fmc.framelova.info\/wp-content\/uploads\/2022\/06\/espana-768x509.png 768w\" sizes=\"(max-width: 980px) 100vw, 980px\" \/>\t\t\t\t\t\t\t\t\t\t\t\t\t<\/div>\n\t\t\t\t<\/div>\n\t\t\t\t<div class=\"elementor-element elementor-element-da7779c elementor-widget elementor-widget-spacer\" data-id=\"da7779c\" data-element_type=\"widget\" data-widget_type=\"spacer.default\">\n\t\t\t\t<div class=\"elementor-widget-container\">\n\t\t\t\t\t<div class=\"elementor-spacer\">\n\t\t\t<div class=\"elementor-spacer-inner\"><\/div>\n\t\t<\/div>\n\t\t\t\t<\/div>\n\t\t\t\t<\/div>\n\t\t\t\t<section data-particle_enable=\"false\" data-particle-mobile-disabled=\"false\" class=\"elementor-section elementor-inner-section elementor-element elementor-element-5679b3d elementor-section-height-min-height circ-serv elementor-section-boxed elementor-section-height-default\" data-id=\"5679b3d\" data-element_type=\"section\" data-settings=\"{&quot;background_background&quot;:&quot;classic&quot;}\">\n\t\t\t\t\t\t<div class=\"elementor-container elementor-column-gap-default\">\n\t\t\t\t\t<div class=\"elementor-column elementor-col-50 elementor-inner-column elementor-element elementor-element-72bd9ae gris\" data-id=\"72bd9ae\" data-element_type=\"column\">\n\t\t\t<div class=\"elementor-widget-wrap elementor-element-populated\">\n\t\t\t\t\t\t<div class=\"elementor-element elementor-element-3a20e43 elementor-widget elementor-widget-heading\" data-id=\"3a20e43\" data-element_type=\"widget\" data-widget_type=\"heading.default\">\n\t\t\t\t<div class=\"elementor-widget-container\">\n\t\t\t<h2 class=\"elementor-heading-title elementor-size-default\"><a href=\"https:\/\/fmc.framelova.info\/fr\/les-pays\/espagne\/conseil-espana\/\">CONSEIL<\/a><\/h2>\t\t<\/div>\n\t\t\t\t<\/div>\n\t\t\t\t<div class=\"elementor-element elementor-element-234e48d elementor-widget elementor-widget-text-editor\" data-id=\"234e48d\" data-element_type=\"widget\" data-widget_type=\"text-editor.default\">\n\t\t\t\t<div class=\"elementor-widget-container\">\n\t\t\t\t\t\t\t<p>Nous r\u00e9alisons des services de conseil dans le commerce et sur le march\u00e9 de la distribution et la commercialisation de produits raffin\u00e9s au niveau international.<\/p>\t\t\t\t\t\t<\/div>\n\t\t\t\t<\/div>\n\t\t\t\t\t<\/div>\n\t\t<\/div>\n\t\t\t\t<div class=\"elementor-column elementor-col-50 elementor-inner-column elementor-element elementor-element-9a25f10 verde\" data-id=\"9a25f10\" data-element_type=\"column\">\n\t\t\t<div class=\"elementor-widget-wrap elementor-element-populated\">\n\t\t\t\t\t\t<div class=\"elementor-element elementor-element-cad208e elementor-widget elementor-widget-heading\" data-id=\"cad208e\" data-element_type=\"widget\" data-widget_type=\"heading.default\">\n\t\t\t\t<div class=\"elementor-widget-container\">\n\t\t\t<h2 class=\"elementor-heading-title elementor-size-default\"><a href=\"https:\/\/fmc.framelova.info\/fr\/les-pays\/espagne\/applicatif-espana\/\">APPLICATIF<\/a><\/h2>\t\t<\/div>\n\t\t\t\t<\/div>\n\t\t\t\t<div class=\"elementor-element elementor-element-66d8866 elementor-widget elementor-widget-text-editor\" data-id=\"66d8866\" data-element_type=\"widget\" data-widget_type=\"text-editor.default\">\n\t\t\t\t<div class=\"elementor-widget-container\">\n\t\t\t\t\t\t\t<p>Nous proposons des solutions informatiques pour aider les professionnels, grossistes et d\u00e9taillants, \u00e0 l\u2019optimisation de leurs objectifs op\u00e9ratifs et strat\u00e9giques.<\/p>\t\t\t\t\t\t<\/div>\n\t\t\t\t<\/div>\n\t\t\t\t\t<\/div>\n\t\t<\/div>\n\t\t\t\t\t<\/div>\n\t\t<\/section>\n\t\t\t\t\t<\/div>\n\t\t<\/div>\n\t\t\t\t\t<\/div>\n\t\t<\/section>\n\t\t\t\t<\/div>\n\t\t","protected":false},"excerpt":{"rendered":"<p>NOS SERVICES EN ESPAGNE CONSEIL Nous r\u00e9alisons des services de conseil dans le commerce et sur le march\u00e9 de la distribution et la commercialisation de produits raffin\u00e9s au niveau international. APPLICATIF Nous proposons des solutions informatiques pour aider les professionnels, grossistes et d\u00e9taillants, \u00e0 l\u2019optimisation de leurs objectifs op\u00e9ratifs et strat\u00e9giques.<\/p>\n","protected":false},"author":1,"featured_media":0,"parent":2817,"menu_order":0,"comment_status":"closed","ping_status":"closed","template":"","meta":{"footnotes":""},"class_list":["post-2811","page","type-page","status-publish","hentry"],"_links":{"self":[{"href":"https:\/\/fmc.framelova.info\/fr\/wp-json\/wp\/v2\/pages\/2811","targetHints":{"allow":["GET"]}}],"collection":[{"href":"https:\/\/fmc.framelova.info\/fr\/wp-json\/wp\/v2\/pages"}],"about":[{"href":"https:\/\/fmc.framelova.info\/fr\/wp-json\/wp\/v2\/types\/page"}],"author":[{"embeddable":true,"href":"https:\/\/fmc.framelova.info\/fr\/wp-json\/wp\/v2\/users\/1"}],"replies":[{"embeddable":true,"href":"https:\/\/fmc.framelova.info\/fr\/wp-json\/wp\/v2\/comments?post=2811"}],"version-history":[{"count":0,"href":"https:\/\/fmc.framelova.info\/fr\/wp-json\/wp\/v2\/pages\/2811\/revisions"}],"up":[{"embeddable":true,"href":"https:\/\/fmc.framelova.info\/fr\/wp-json\/wp\/v2\/pages\/2817"}],"wp:attachment":[{"href":"https:\/\/fmc.framelova.info\/fr\/wp-json\/wp\/v2\/media?parent=2811"}],"curies":[{"name":"wp","href":"https:\/\/api.w.org\/{rel}","templated":true}]}}