{"id":2776,"date":"2022-05-19T19:21:31","date_gmt":"2022-05-19T19:21:31","guid":{"rendered":"https:\/\/fmc.framelova.info\/services\/"},"modified":"2023-01-11T17:39:20","modified_gmt":"2023-01-11T17:39:20","slug":"services","status":"publish","type":"page","link":"https:\/\/fmc.framelova.info\/fr\/services\/","title":{"rendered":"SERVICES"},"content":{"rendered":"\t\t<div data-elementor-type=\"wp-page\" data-elementor-id=\"2776\" class=\"elementor elementor-2776 elementor-31\" data-elementor-post-type=\"page\">\n\t\t\t\t\t\t<section data-particle_enable=\"false\" data-particle-mobile-disabled=\"false\" class=\"elementor-section elementor-top-section elementor-element elementor-element-8423838 elementor-section-height-min-height elementor-section-boxed elementor-section-height-default elementor-section-items-middle\" data-id=\"8423838\" data-element_type=\"section\">\n\t\t\t\t\t\t<div class=\"elementor-container elementor-column-gap-default\">\n\t\t\t\t\t<div class=\"elementor-column elementor-col-100 elementor-top-column elementor-element elementor-element-378ed83\" data-id=\"378ed83\" data-element_type=\"column\">\n\t\t\t<div class=\"elementor-widget-wrap\">\n\t\t\t\t\t\t\t<\/div>\n\t\t<\/div>\n\t\t\t\t\t<\/div>\n\t\t<\/section>\n\t\t\t\t<section data-particle_enable=\"false\" data-particle-mobile-disabled=\"false\" class=\"elementor-section elementor-top-section elementor-element elementor-element-967a5fe elementor-section-boxed elementor-section-height-default elementor-section-height-default\" data-id=\"967a5fe\" data-element_type=\"section\" data-settings=\"{&quot;background_background&quot;:&quot;classic&quot;}\">\n\t\t\t\t\t\t<div class=\"elementor-container elementor-column-gap-default\">\n\t\t\t\t\t<div class=\"elementor-column elementor-col-100 elementor-top-column elementor-element elementor-element-6f56358\" data-id=\"6f56358\" data-element_type=\"column\">\n\t\t\t<div class=\"elementor-widget-wrap elementor-element-populated\">\n\t\t\t\t\t\t<div class=\"elementor-element elementor-element-6314af3 elementor-widget elementor-widget-heading\" data-id=\"6314af3\" data-element_type=\"widget\" data-widget_type=\"heading.default\">\n\t\t\t\t<div class=\"elementor-widget-container\">\n\t\t\t<h2 class=\"elementor-heading-title elementor-size-default\">NOS SERVICES<\/h2>\t\t<\/div>\n\t\t\t\t<\/div>\n\t\t\t\t<div class=\"elementor-element elementor-element-6809e86 elementor-widget elementor-widget-spacer\" data-id=\"6809e86\" data-element_type=\"widget\" data-widget_type=\"spacer.default\">\n\t\t\t\t<div class=\"elementor-widget-container\">\n\t\t\t\t\t<div class=\"elementor-spacer\">\n\t\t\t<div class=\"elementor-spacer-inner\"><\/div>\n\t\t<\/div>\n\t\t\t\t<\/div>\n\t\t\t\t<\/div>\n\t\t\t\t<section data-particle_enable=\"false\" data-particle-mobile-disabled=\"false\" class=\"elementor-section elementor-inner-section elementor-element elementor-element-9e5adf2 elementor-section-height-min-height elementor-section-boxed elementor-section-height-default\" data-id=\"9e5adf2\" data-element_type=\"section\" data-settings=\"{&quot;background_background&quot;:&quot;classic&quot;}\">\n\t\t\t\t\t\t<div class=\"elementor-container elementor-column-gap-default\">\n\t\t\t\t\t<div class=\"elementor-column elementor-col-50 elementor-inner-column elementor-element elementor-element-654bcb3 gris\" data-id=\"654bcb3\" data-element_type=\"column\">\n\t\t\t<div class=\"elementor-widget-wrap elementor-element-populated\">\n\t\t\t\t\t\t<div class=\"elementor-element elementor-element-3263b79 elementor-widget elementor-widget-heading\" data-id=\"3263b79\" data-element_type=\"widget\" data-widget_type=\"heading.default\">\n\t\t\t\t<div class=\"elementor-widget-container\">\n\t\t\t<h2 class=\"elementor-heading-title elementor-size-default\"><a href=\"https:\/\/fmc.framelova.info\/fr\/services\/conseil\/\">CONSEIL<\/a><\/h2>\t\t<\/div>\n\t\t\t\t<\/div>\n\t\t\t\t<div class=\"elementor-element elementor-element-2371f4e elementor-widget elementor-widget-text-editor\" data-id=\"2371f4e\" data-element_type=\"widget\" data-widget_type=\"text-editor.default\">\n\t\t\t\t<div class=\"elementor-widget-container\">\n\t\t\t\t\t\t\t<p>Nous r\u00e9alisons des services de conseil dans le commerce et sur le march\u00e9 de la distribution et la commercialisation de produits raffin\u00e9s au niveau international.<\/p>\t\t\t\t\t\t<\/div>\n\t\t\t\t<\/div>\n\t\t\t\t\t<\/div>\n\t\t<\/div>\n\t\t\t\t<div class=\"elementor-column elementor-col-50 elementor-inner-column elementor-element elementor-element-354af64 verde\" data-id=\"354af64\" data-element_type=\"column\">\n\t\t\t<div class=\"elementor-widget-wrap elementor-element-populated\">\n\t\t\t\t\t\t<div class=\"elementor-element elementor-element-80a9252 elementor-widget elementor-widget-heading\" data-id=\"80a9252\" data-element_type=\"widget\" data-widget_type=\"heading.default\">\n\t\t\t\t<div class=\"elementor-widget-container\">\n\t\t\t<h2 class=\"elementor-heading-title elementor-size-default\"><a href=\"https:\/\/fmc.framelova.info\/fr\/services\/applicatif\/\">APPLICATIF<\/a><\/h2>\t\t<\/div>\n\t\t\t\t<\/div>\n\t\t\t\t<div class=\"elementor-element elementor-element-250d112 elementor-widget elementor-widget-text-editor\" data-id=\"250d112\" data-element_type=\"widget\" data-widget_type=\"text-editor.default\">\n\t\t\t\t<div class=\"elementor-widget-container\">\n\t\t\t\t\t\t\t<p>Nous proposons des solutions informatiques pour aider les professionnels, grossistes et d\u00e9taillants, \u00e0 l\u2019optimisation de leurs objectifs op\u00e9ratifs et strat\u00e9giques.<\/p>\t\t\t\t\t\t<\/div>\n\t\t\t\t<\/div>\n\t\t\t\t\t<\/div>\n\t\t<\/div>\n\t\t\t\t\t<\/div>\n\t\t<\/section>\n\t\t\t\t\t<\/div>\n\t\t<\/div>\n\t\t\t\t\t<\/div>\n\t\t<\/section>\n\t\t\t\t<\/div>\n\t\t","protected":false},"excerpt":{"rendered":"<p>NOS SERVICES CONSEIL Nous r\u00e9alisons des services de conseil dans le commerce et sur le march\u00e9 de la distribution et la commercialisation de produits raffin\u00e9s au niveau international. APPLICATIF Nous proposons des solutions informatiques pour aider les professionnels, grossistes et d\u00e9taillants, \u00e0 l\u2019optimisation de leurs objectifs op\u00e9ratifs et strat\u00e9giques.<\/p>\n","protected":false},"author":1,"featured_media":0,"parent":0,"menu_order":0,"comment_status":"closed","ping_status":"closed","template":"","meta":{"footnotes":""},"class_list":["post-2776","page","type-page","status-publish","hentry"],"_links":{"self":[{"href":"https:\/\/fmc.framelova.info\/fr\/wp-json\/wp\/v2\/pages\/2776","targetHints":{"allow":["GET"]}}],"collection":[{"href":"https:\/\/fmc.framelova.info\/fr\/wp-json\/wp\/v2\/pages"}],"about":[{"href":"https:\/\/fmc.framelova.info\/fr\/wp-json\/wp\/v2\/types\/page"}],"author":[{"embeddable":true,"href":"https:\/\/fmc.framelova.info\/fr\/wp-json\/wp\/v2\/users\/1"}],"replies":[{"embeddable":true,"href":"https:\/\/fmc.framelova.info\/fr\/wp-json\/wp\/v2\/comments?post=2776"}],"version-history":[{"count":0,"href":"https:\/\/fmc.framelova.info\/fr\/wp-json\/wp\/v2\/pages\/2776\/revisions"}],"wp:attachment":[{"href":"https:\/\/fmc.framelova.info\/fr\/wp-json\/wp\/v2\/media?parent=2776"}],"curies":[{"name":"wp","href":"https:\/\/api.w.org\/{rel}","templated":true}]}}