{"id":2774,"date":"2022-05-19T19:21:03","date_gmt":"2022-05-19T19:21:03","guid":{"rendered":"https:\/\/fmc.framelova.info\/mieux-nous-connaitre\/"},"modified":"2023-01-10T16:28:41","modified_gmt":"2023-01-10T16:28:41","slug":"mieux-nous-connaitre","status":"publish","type":"page","link":"https:\/\/fmc.framelova.info\/fr\/mieux-nous-connaitre\/","title":{"rendered":"MIEUX NOUS CONNAITRE"},"content":{"rendered":"\t\t<div data-elementor-type=\"wp-page\" data-elementor-id=\"2774\" class=\"elementor elementor-2774 elementor-29\" data-elementor-post-type=\"page\">\n\t\t\t\t\t\t<section data-particle_enable=\"false\" data-particle-mobile-disabled=\"false\" class=\"elementor-section elementor-top-section elementor-element elementor-element-019f5cf elementor-section-height-min-height elementor-section-boxed elementor-section-height-default elementor-section-items-middle\" data-id=\"019f5cf\" data-element_type=\"section\">\n\t\t\t\t\t\t<div class=\"elementor-container elementor-column-gap-default\">\n\t\t\t\t\t<div class=\"elementor-column elementor-col-100 elementor-top-column elementor-element elementor-element-3fef632\" data-id=\"3fef632\" data-element_type=\"column\">\n\t\t\t<div class=\"elementor-widget-wrap\">\n\t\t\t\t\t\t\t<\/div>\n\t\t<\/div>\n\t\t\t\t\t<\/div>\n\t\t<\/section>\n\t\t\t\t<section data-particle_enable=\"false\" data-particle-mobile-disabled=\"false\" class=\"elementor-section elementor-top-section elementor-element elementor-element-5e2728b elementor-section-height-min-height elementor-section-boxed elementor-section-height-default elementor-section-items-middle\" data-id=\"5e2728b\" data-element_type=\"section\">\n\t\t\t\t\t\t<div class=\"elementor-container elementor-column-gap-default\">\n\t\t\t\t\t<div class=\"elementor-column elementor-col-50 elementor-top-column elementor-element elementor-element-4ea2768\" data-id=\"4ea2768\" data-element_type=\"column\">\n\t\t\t<div class=\"elementor-widget-wrap elementor-element-populated\">\n\t\t\t\t\t\t<div class=\"elementor-element elementor-element-5c1aab9 elementor-widget elementor-widget-image\" data-id=\"5c1aab9\" data-element_type=\"widget\" data-widget_type=\"image.default\">\n\t\t\t\t<div class=\"elementor-widget-container\">\n\t\t\t\t\t\t\t\t\t\t\t\t\t<img fetchpriority=\"high\" decoding=\"async\" width=\"772\" height=\"532\" src=\"https:\/\/fmc.framelova.info\/wp-content\/uploads\/2022\/06\/1_Conocenos_Web_FuelMarketingConsulting-05-1.png\" class=\"attachment-large size-large wp-image-2396\" alt=\"\" srcset=\"https:\/\/fmc.framelova.info\/wp-content\/uploads\/2022\/06\/1_Conocenos_Web_FuelMarketingConsulting-05-1.png 772w, https:\/\/fmc.framelova.info\/wp-content\/uploads\/2022\/06\/1_Conocenos_Web_FuelMarketingConsulting-05-1-300x207.png 300w, https:\/\/fmc.framelova.info\/wp-content\/uploads\/2022\/06\/1_Conocenos_Web_FuelMarketingConsulting-05-1-768x529.png 768w, https:\/\/fmc.framelova.info\/wp-content\/uploads\/2022\/06\/1_Conocenos_Web_FuelMarketingConsulting-05-1-320x220.png 320w\" sizes=\"(max-width: 772px) 100vw, 772px\" \/>\t\t\t\t\t\t\t\t\t\t\t\t\t<\/div>\n\t\t\t\t<\/div>\n\t\t\t\t<div class=\"elementor-element elementor-element-9c123af tit-nos elementor-widget elementor-widget-heading\" data-id=\"9c123af\" data-element_type=\"widget\" data-widget_type=\"heading.default\">\n\t\t\t\t<div class=\"elementor-widget-container\">\n\t\t\t<h1 class=\"elementor-heading-title elementor-size-default\">UN GROUPE EXPERT<br>\nPETROLIER<br>\nPETROLIER<\/h1>\t\t<\/div>\n\t\t\t\t<\/div>\n\t\t\t\t\t<\/div>\n\t\t<\/div>\n\t\t\t\t<div class=\"elementor-column elementor-col-50 elementor-top-column elementor-element elementor-element-7c4fc4d\" data-id=\"7c4fc4d\" data-element_type=\"column\">\n\t\t\t<div class=\"elementor-widget-wrap elementor-element-populated\">\n\t\t\t\t\t\t<div class=\"elementor-element elementor-element-c98dd32 elementor-widget elementor-widget-text-editor\" data-id=\"c98dd32\" data-element_type=\"widget\" data-widget_type=\"text-editor.default\">\n\t\t\t\t<div class=\"elementor-widget-container\">\n\t\t\t\t\t\t\t<p>Notre \u00e9quipe est dirig\u00e9e par des professionnels d\u2019une longue exp\u00e9rience dans le secteur p\u00e9trolier et une grande connaissance du march\u00e9 des stations-service, des centres de distribution et des op\u00e9rateurs p\u00e9troliers de biocarburants. Tous les professionnels de <strong>FuelMC<\/strong> nous effor\u00e7ons, au jour le jour, d\u2019offrir \u00e0 nos clients<br>la plus grande attention.<\/p>\t\t\t\t\t\t<\/div>\n\t\t\t\t<\/div>\n\t\t\t\t\t<\/div>\n\t\t<\/div>\n\t\t\t\t\t<\/div>\n\t\t<\/section>\n\t\t\t\t<section data-particle_enable=\"false\" data-particle-mobile-disabled=\"false\" class=\"elementor-section elementor-top-section elementor-element elementor-element-9a9ce77 elementor-section-full_width elementor-section-height-min-height elementor-section-content-middle elementor-section-stretched elementor-section-height-default elementor-section-items-middle\" data-id=\"9a9ce77\" data-element_type=\"section\" data-settings=\"{&quot;stretch_section&quot;:&quot;section-stretched&quot;,&quot;background_background&quot;:&quot;classic&quot;}\">\n\t\t\t\t\t\t<div class=\"elementor-container elementor-column-gap-default\">\n\t\t\t\t\t<div class=\"elementor-column elementor-col-100 elementor-top-column elementor-element elementor-element-ed04243\" data-id=\"ed04243\" data-element_type=\"column\">\n\t\t\t<div class=\"elementor-widget-wrap elementor-element-populated\">\n\t\t\t\t\t\t<div class=\"elementor-element elementor-element-d476757 elementor-widget elementor-widget-heading\" data-id=\"d476757\" data-element_type=\"widget\" data-widget_type=\"heading.default\">\n\t\t\t\t<div class=\"elementor-widget-container\">\n\t\t\t<h2 class=\"elementor-heading-title elementor-size-default\">A PROPOS DE NOUS<\/h2>\t\t<\/div>\n\t\t\t\t<\/div>\n\t\t\t\t<section data-particle_enable=\"false\" data-particle-mobile-disabled=\"false\" class=\"elementor-section elementor-inner-section elementor-element elementor-element-ec3c9a4 elementor-section-boxed elementor-section-height-default elementor-section-height-default\" data-id=\"ec3c9a4\" data-element_type=\"section\">\n\t\t\t\t\t\t<div class=\"elementor-container elementor-column-gap-default\">\n\t\t\t\t\t<div class=\"elementor-column elementor-col-50 elementor-inner-column elementor-element elementor-element-913b5b9\" data-id=\"913b5b9\" data-element_type=\"column\">\n\t\t\t<div class=\"elementor-widget-wrap elementor-element-populated\">\n\t\t\t\t\t\t<div class=\"elementor-element elementor-element-9619325 elementor-widget elementor-widget-image\" data-id=\"9619325\" data-element_type=\"widget\" data-widget_type=\"image.default\">\n\t\t\t\t<div class=\"elementor-widget-container\">\n\t\t\t\t\t\t\t\t\t\t\t\t\t<img decoding=\"async\" width=\"686\" height=\"687\" src=\"https:\/\/fmc.framelova.info\/wp-content\/uploads\/2022\/05\/conocenos-07.png\" class=\"attachment-large size-large wp-image-213\" alt=\"\" srcset=\"https:\/\/fmc.framelova.info\/wp-content\/uploads\/2022\/05\/conocenos-07.png 686w, https:\/\/fmc.framelova.info\/wp-content\/uploads\/2022\/05\/conocenos-07-300x300.png 300w, https:\/\/fmc.framelova.info\/wp-content\/uploads\/2022\/05\/conocenos-07-150x150.png 150w\" sizes=\"(max-width: 686px) 100vw, 686px\" \/>\t\t\t\t\t\t\t\t\t\t\t\t\t<\/div>\n\t\t\t\t<\/div>\n\t\t\t\t<div class=\"elementor-element elementor-element-5eb17af tit-sol elementor-widget elementor-widget-heading\" data-id=\"5eb17af\" data-element_type=\"widget\" data-widget_type=\"heading.default\">\n\t\t\t\t<div class=\"elementor-widget-container\">\n\t\t\t<h1 class=\"elementor-heading-title elementor-size-default\">LES MEILLEURES <br> SOLUTIONS<\/h1>\t\t<\/div>\n\t\t\t\t<\/div>\n\t\t\t\t\t<\/div>\n\t\t<\/div>\n\t\t\t\t<div class=\"elementor-column elementor-col-50 elementor-inner-column elementor-element elementor-element-0da4d4e\" data-id=\"0da4d4e\" data-element_type=\"column\">\n\t\t\t<div class=\"elementor-widget-wrap elementor-element-populated\">\n\t\t\t\t\t\t<div class=\"elementor-element elementor-element-b632056 elementor-widget elementor-widget-text-editor\" data-id=\"b632056\" data-element_type=\"widget\" data-widget_type=\"text-editor.default\">\n\t\t\t\t<div class=\"elementor-widget-container\">\n\t\t\t\t\t\t\t<p>Nous sommes un cabinet de conseil sp\u00e9cialis\u00e9 dans le secteur p\u00e9trolier. Nous avons une exp\u00e9rience internationale et nous d\u00e9veloppons des outils technologiques con\u00e7us sp\u00e9cifiquement pour les march\u00e9s o\u00f9 nous op\u00e9rons. Avec ces outils de traitement informatique nous aidons nos clients \u00e0 prendre les meilleures d\u00e9cisions pour leur entreprise.<\/p>\n<p>Avec <strong>Fuel Marketing Solution<\/strong>s nous apportons des solutions innovantes pour les grossistes, les d\u00e9taillants et les op\u00e9rateurs de stations-service.<\/p>\n<p>Nous utilisons la technologie et les solutions d\u2019ing\u00e9nierie d\u2019entreprise pour apporter des pr\u00e9visions de prix et des analyses du secteur. Et ainsi maximiser les b\u00e9n\u00e9fices de votre exploitation.<\/p>\n<p>Nous favorisons les synergies avec les entreprises leaders au niveau international et signons des accords de partenariat avec les repr\u00e9sentants et les groupements d\u2019entreprises pour apporter un service optimal et adapt\u00e9 \u00e0 vos besoins. Nous raisonnons universellement car nous voulons offrir les meilleures solutions localement.<\/p>\t\t\t\t\t\t<\/div>\n\t\t\t\t<\/div>\n\t\t\t\t\t<\/div>\n\t\t<\/div>\n\t\t\t\t\t<\/div>\n\t\t<\/section>\n\t\t\t\t\t<\/div>\n\t\t<\/div>\n\t\t\t\t\t<\/div>\n\t\t<\/section>\n\t\t\t\t<section data-particle_enable=\"false\" data-particle-mobile-disabled=\"false\" class=\"elementor-section elementor-top-section elementor-element elementor-element-19a053b elementor-section-boxed elementor-section-height-default elementor-section-height-default\" data-id=\"19a053b\" data-element_type=\"section\">\n\t\t\t\t\t\t<div class=\"elementor-container elementor-column-gap-default\">\n\t\t\t\t\t<div class=\"elementor-column elementor-col-100 elementor-top-column elementor-element elementor-element-4b25596\" data-id=\"4b25596\" data-element_type=\"column\">\n\t\t\t<div class=\"elementor-widget-wrap elementor-element-populated\">\n\t\t\t\t\t\t<div class=\"elementor-element elementor-element-8e4e172 elementor-widget elementor-widget-heading\" data-id=\"8e4e172\" data-element_type=\"widget\" data-widget_type=\"heading.default\">\n\t\t\t\t<div class=\"elementor-widget-container\">\n\t\t\t<h2 class=\"elementor-heading-title elementor-size-default\">ASSOCIES<\/h2>\t\t<\/div>\n\t\t\t\t<\/div>\n\t\t\t\t\t<\/div>\n\t\t<\/div>\n\t\t\t\t\t<\/div>\n\t\t<\/section>\n\t\t\t\t<section data-particle_enable=\"false\" data-particle-mobile-disabled=\"false\" class=\"elementor-section elementor-top-section elementor-element elementor-element-fcbbf9e elementor-section-height-min-height elementor-section-boxed elementor-section-height-default elementor-section-items-middle\" data-id=\"fcbbf9e\" data-element_type=\"section\">\n\t\t\t\t\t\t<div class=\"elementor-container elementor-column-gap-default\">\n\t\t\t\t\t<div class=\"elementor-column elementor-col-50 elementor-top-column elementor-element elementor-element-4f88f87\" data-id=\"4f88f87\" data-element_type=\"column\">\n\t\t\t<div class=\"elementor-widget-wrap elementor-element-populated\">\n\t\t\t\t\t\t<section data-particle_enable=\"false\" data-particle-mobile-disabled=\"false\" class=\"elementor-section elementor-inner-section elementor-element elementor-element-0470701 elementor-section-boxed elementor-section-height-default elementor-section-height-default\" data-id=\"0470701\" data-element_type=\"section\">\n\t\t\t\t\t\t<div class=\"elementor-container elementor-column-gap-default\">\n\t\t\t\t\t<div class=\"elementor-column elementor-col-50 elementor-inner-column elementor-element elementor-element-7c8d553\" data-id=\"7c8d553\" data-element_type=\"column\">\n\t\t\t<div class=\"elementor-widget-wrap elementor-element-populated\">\n\t\t\t\t\t\t<div class=\"elementor-element elementor-element-e292861 elementor-widget elementor-widget-image\" data-id=\"e292861\" data-element_type=\"widget\" data-widget_type=\"image.default\">\n\t\t\t\t<div class=\"elementor-widget-container\">\n\t\t\t\t\t\t\t\t\t\t\t\t\t<img decoding=\"async\" width=\"391\" height=\"515\" src=\"https:\/\/fmc.framelova.info\/wp-content\/uploads\/2022\/06\/1_Conocenos_Web_FuelMarketingConsulting-03.png\" class=\"attachment-large size-large wp-image-2379\" alt=\"\" srcset=\"https:\/\/fmc.framelova.info\/wp-content\/uploads\/2022\/06\/1_Conocenos_Web_FuelMarketingConsulting-03.png 391w, https:\/\/fmc.framelova.info\/wp-content\/uploads\/2022\/06\/1_Conocenos_Web_FuelMarketingConsulting-03-228x300.png 228w\" sizes=\"(max-width: 391px) 100vw, 391px\" \/>\t\t\t\t\t\t\t\t\t\t\t\t\t<\/div>\n\t\t\t\t<\/div>\n\t\t\t\t\t<\/div>\n\t\t<\/div>\n\t\t\t\t<div class=\"elementor-column elementor-col-50 elementor-inner-column elementor-element elementor-element-a1248bb\" data-id=\"a1248bb\" data-element_type=\"column\">\n\t\t\t<div class=\"elementor-widget-wrap elementor-element-populated\">\n\t\t\t\t\t\t<div class=\"elementor-element elementor-element-bd785fe elementor-widget elementor-widget-text-editor\" data-id=\"bd785fe\" data-element_type=\"widget\" data-widget_type=\"text-editor.default\">\n\t\t\t\t<div class=\"elementor-widget-container\">\n\t\t\t\t\t\t\t<p><strong>Directeur G\u00e9n\u00e9ral Fuel Marketing Consulting pour<\/strong><br><strong>l\u2019Am\u00e9rique Latine <\/strong><\/p>\n<p>P\u00e9dagogue \u00e0 l\u2019Universit\u00e9 de Grenade et titulaire en Gestion et Administration d\u2019entreprises (ADE) du Council Social Science de l\u2019 UNESCO. Durant ses 31 ans d\u2019exp\u00e9rience dans le secteur, il a accompli son parcours au sein de compagnies p\u00e9troli\u00e8res pendant 8 ans<br>et a post\u00e9rieurement assur\u00e9 des missions de direction d\u2019entreprise dans le conseil, la formation et la distribution du secteur p\u00e9trolier.<\/p>\t\t\t\t\t\t<\/div>\n\t\t\t\t<\/div>\n\t\t\t\t\t<\/div>\n\t\t<\/div>\n\t\t\t\t\t<\/div>\n\t\t<\/section>\n\t\t\t\t\t<\/div>\n\t\t<\/div>\n\t\t\t\t<div class=\"elementor-column elementor-col-50 elementor-top-column elementor-element elementor-element-d09b94c\" data-id=\"d09b94c\" data-element_type=\"column\">\n\t\t\t<div class=\"elementor-widget-wrap elementor-element-populated\">\n\t\t\t\t\t\t<section data-particle_enable=\"false\" data-particle-mobile-disabled=\"false\" class=\"elementor-section elementor-inner-section elementor-element elementor-element-e6bce7f elementor-section-boxed elementor-section-height-default elementor-section-height-default\" data-id=\"e6bce7f\" data-element_type=\"section\">\n\t\t\t\t\t\t<div class=\"elementor-container elementor-column-gap-default\">\n\t\t\t\t\t<div class=\"elementor-column elementor-col-50 elementor-inner-column elementor-element elementor-element-694e5c6\" data-id=\"694e5c6\" data-element_type=\"column\">\n\t\t\t<div class=\"elementor-widget-wrap elementor-element-populated\">\n\t\t\t\t\t\t<div class=\"elementor-element elementor-element-1a05a10 elementor-widget elementor-widget-image\" data-id=\"1a05a10\" data-element_type=\"widget\" data-widget_type=\"image.default\">\n\t\t\t\t<div class=\"elementor-widget-container\">\n\t\t\t\t\t\t\t\t\t\t\t\t\t<img decoding=\"async\" src=\"https:\/\/fmc.framelova.info\/wp-content\/uploads\/2022\/06\/1_Conocenos_Web_FuelMarketingConsulting-04.png\" title=\"1_Conocenos_Web_FuelMarketingConsulting-04\" alt=\"\" loading=\"lazy\" \/>\t\t\t\t\t\t\t\t\t\t\t\t\t<\/div>\n\t\t\t\t<\/div>\n\t\t\t\t\t<\/div>\n\t\t<\/div>\n\t\t\t\t<div class=\"elementor-column elementor-col-50 elementor-inner-column elementor-element elementor-element-0a921f0\" data-id=\"0a921f0\" data-element_type=\"column\">\n\t\t\t<div class=\"elementor-widget-wrap elementor-element-populated\">\n\t\t\t\t\t\t<div class=\"elementor-element elementor-element-f21b822 elementor-widget elementor-widget-text-editor\" data-id=\"f21b822\" data-element_type=\"widget\" data-widget_type=\"text-editor.default\">\n\t\t\t\t<div class=\"elementor-widget-container\">\n\t\t\t\t\t\t\t<p><strong>Directeur G\u00e9n\u00e9ral Fuel Marketing Consulting<\/strong><br><strong>Iberia <\/strong><\/p>\n<p>\u00c9conomiste \u00e0 l\u2019Universit\u00e9 Autonome de Madrid, MBA \u00e0 l\u2019 Institut d\u2019Entreprise et auditeur coll\u00e8gial. Il a d\u00e9velopp\u00e9 sa carri\u00e8re professionnelle de plus de 20 ans \u00e0 Bristish &nbsp;en assurant des missions de gestion dans le secteur des stations-service et de l\u2019approvisionnement des distributeurs ainsi que la commercialisation de biocombustibles \u00e0 Iberia.<\/p>\t\t\t\t\t\t<\/div>\n\t\t\t\t<\/div>\n\t\t\t\t\t<\/div>\n\t\t<\/div>\n\t\t\t\t\t<\/div>\n\t\t<\/section>\n\t\t\t\t\t<\/div>\n\t\t<\/div>\n\t\t\t\t\t<\/div>\n\t\t<\/section>\n\t\t\t\t<section data-particle_enable=\"false\" data-particle-mobile-disabled=\"false\" class=\"elementor-section elementor-top-section elementor-element elementor-element-1b8d9a0 elementor-section-full_width elementor-section-height-min-height elementor-section-stretched elementor-section-height-default elementor-section-items-middle\" data-id=\"1b8d9a0\" data-element_type=\"section\" data-settings=\"{&quot;stretch_section&quot;:&quot;section-stretched&quot;,&quot;background_background&quot;:&quot;classic&quot;}\">\n\t\t\t\t\t\t<div class=\"elementor-container elementor-column-gap-default\">\n\t\t\t\t\t<div class=\"elementor-column elementor-col-100 elementor-top-column elementor-element elementor-element-d82fb9a\" data-id=\"d82fb9a\" data-element_type=\"column\">\n\t\t\t<div class=\"elementor-widget-wrap elementor-element-populated\">\n\t\t\t\t\t\t<div class=\"elementor-element elementor-element-61ad2e7 elementor-widget elementor-widget-heading\" data-id=\"61ad2e7\" data-element_type=\"widget\" data-widget_type=\"heading.default\">\n\t\t\t\t<div class=\"elementor-widget-container\">\n\t\t\t<h2 class=\"elementor-heading-title elementor-size-default\">NOTRE HISTOIRE<\/h2>\t\t<\/div>\n\t\t\t\t<\/div>\n\t\t\t\t<div class=\"elementor-element elementor-element-99463c1 elementor-hidden-tablet elementor-hidden-mobile elementor-widget elementor-widget-shortcode\" data-id=\"99463c1\" data-element_type=\"widget\" data-widget_type=\"shortcode.default\">\n\t\t\t\t<div class=\"elementor-widget-container\">\n\t\t\t\t\t<div class=\"elementor-shortcode\"><div id=\"image-map-pro-1341\"><\/div><\/div>\n\t\t\t\t<\/div>\n\t\t\t\t<\/div>\n\t\t\t\t<div class=\"elementor-element elementor-element-c993892 elementor-hidden-desktop elementor-widget elementor-widget-shortcode\" data-id=\"c993892\" data-element_type=\"widget\" data-widget_type=\"shortcode.default\">\n\t\t\t\t<div class=\"elementor-widget-container\">\n\t\t\t\t\t<div class=\"elementor-shortcode\"><div id=\"image-map-pro-2052\"><\/div><\/div>\n\t\t\t\t<\/div>\n\t\t\t\t<\/div>\n\t\t\t\t\t<\/div>\n\t\t<\/div>\n\t\t\t\t\t<\/div>\n\t\t<\/section>\n\t\t\t\t<\/div>\n\t\t","protected":false},"excerpt":{"rendered":"<p>UN GROUPE EXPERT PETROLIER PETROLIER Notre \u00e9quipe est dirig\u00e9e par des professionnels d\u2019une longue exp\u00e9rience dans le secteur p\u00e9trolier et une grande connaissance du march\u00e9 des stations-service, des centres de distribution et des op\u00e9rateurs p\u00e9troliers de biocarburants. Tous les professionnels de FuelMC nous effor\u00e7ons, au jour le jour, d\u2019offrir \u00e0 nos clientsla plus grande attention. [&hellip;]<\/p>\n","protected":false},"author":1,"featured_media":0,"parent":0,"menu_order":0,"comment_status":"closed","ping_status":"closed","template":"","meta":{"footnotes":""},"class_list":["post-2774","page","type-page","status-publish","hentry"],"_links":{"self":[{"href":"https:\/\/fmc.framelova.info\/fr\/wp-json\/wp\/v2\/pages\/2774","targetHints":{"allow":["GET"]}}],"collection":[{"href":"https:\/\/fmc.framelova.info\/fr\/wp-json\/wp\/v2\/pages"}],"about":[{"href":"https:\/\/fmc.framelova.info\/fr\/wp-json\/wp\/v2\/types\/page"}],"author":[{"embeddable":true,"href":"https:\/\/fmc.framelova.info\/fr\/wp-json\/wp\/v2\/users\/1"}],"replies":[{"embeddable":true,"href":"https:\/\/fmc.framelova.info\/fr\/wp-json\/wp\/v2\/comments?post=2774"}],"version-history":[{"count":0,"href":"https:\/\/fmc.framelova.info\/fr\/wp-json\/wp\/v2\/pages\/2774\/revisions"}],"wp:attachment":[{"href":"https:\/\/fmc.framelova.info\/fr\/wp-json\/wp\/v2\/media?parent=2774"}],"curies":[{"name":"wp","href":"https:\/\/api.w.org\/{rel}","templated":true}]}}